{"id":328,"date":"2025-03-30T18:07:27","date_gmt":"2025-03-30T18:07:27","guid":{"rendered":"https:\/\/miradasistemica.com\/saltoquantico\/?page_id=328"},"modified":"2025-05-08T18:10:53","modified_gmt":"2025-05-08T18:10:53","slug":"testimonios","status":"publish","type":"page","link":"https:\/\/miradasistemica.com\/saltoquantico\/es\/testimonios\/","title":{"rendered":"Testimonios"},"content":{"rendered":"\t\t<div data-elementor-type=\"wp-page\" data-elementor-id=\"328\" class=\"elementor elementor-328\" data-elementor-post-type=\"page\">\n\t\t\t\t\t\t<section class=\"elementor-section elementor-top-section elementor-element elementor-element-a4d2ce5 elementor-section-boxed elementor-section-height-default elementor-section-height-default\" data-id=\"a4d2ce5\" data-element_type=\"section\" data-e-type=\"section\">\n\t\t\t\t\t\t<div class=\"elementor-container elementor-column-gap-default\">\n\t\t\t\t\t<div class=\"elementor-column elementor-col-100 elementor-top-column elementor-element elementor-element-6e42a8a\" data-id=\"6e42a8a\" data-element_type=\"column\" data-e-type=\"column\">\n\t\t\t<div class=\"elementor-widget-wrap elementor-element-populated\">\n\t\t\t\t\t\t<div class=\"elementor-element elementor-element-dfae489 elementor-widget elementor-widget-image\" data-id=\"dfae489\" data-element_type=\"widget\" data-e-type=\"widget\" data-widget_type=\"image.default\">\n\t\t\t\t<div class=\"elementor-widget-container\">\n\t\t\t\t\t\t\t\t\t\t\t\t\t\t\t<img fetchpriority=\"high\" decoding=\"async\" width=\"840\" height=\"840\" src=\"https:\/\/miradasistemica.com\/saltoquantico\/wp-content\/uploads\/sites\/4\/2025\/02\/Testemunhos_1-1024x1024.jpeg\" class=\"attachment-large size-large wp-image-208\" alt=\"Retiro Conex\u00e3o e Salto Qu\u00e2ntico Testemunhos - Mirada Sist\u00e9mica\" srcset=\"https:\/\/miradasistemica.com\/saltoquantico\/wp-content\/uploads\/sites\/4\/2025\/02\/Testemunhos_1-1024x1024.jpeg 1024w, https:\/\/miradasistemica.com\/saltoquantico\/wp-content\/uploads\/sites\/4\/2025\/02\/Testemunhos_1-300x300.jpeg 300w, https:\/\/miradasistemica.com\/saltoquantico\/wp-content\/uploads\/sites\/4\/2025\/02\/Testemunhos_1-150x150.jpeg 150w, https:\/\/miradasistemica.com\/saltoquantico\/wp-content\/uploads\/sites\/4\/2025\/02\/Testemunhos_1-768x768.jpeg 768w, https:\/\/miradasistemica.com\/saltoquantico\/wp-content\/uploads\/sites\/4\/2025\/02\/Testemunhos_1.jpeg 1080w\" sizes=\"(max-width: 709px) 85vw, (max-width: 909px) 67vw, (max-width: 1362px) 62vw, 840px\" \/>\t\t\t\t\t\t\t\t\t\t\t\t\t\t\t<\/div>\n\t\t\t\t<\/div>\n\t\t\t\t\t<\/div>\n\t\t<\/div>\n\t\t\t\t\t<\/div>\n\t\t<\/section>\n\t\t\t\t<section class=\"elementor-section elementor-top-section elementor-element elementor-element-80c1dea elementor-section-boxed elementor-section-height-default elementor-section-height-default\" data-id=\"80c1dea\" data-element_type=\"section\" data-e-type=\"section\">\n\t\t\t\t\t\t<div class=\"elementor-container elementor-column-gap-default\">\n\t\t\t\t\t<div class=\"elementor-column elementor-col-100 elementor-top-column elementor-element elementor-element-552a51e\" data-id=\"552a51e\" data-element_type=\"column\" data-e-type=\"column\">\n\t\t\t<div class=\"elementor-widget-wrap elementor-element-populated\">\n\t\t\t\t\t\t<div class=\"elementor-element elementor-element-c809816 elementor-widget elementor-widget-image\" data-id=\"c809816\" data-element_type=\"widget\" data-e-type=\"widget\" data-widget_type=\"image.default\">\n\t\t\t\t<div class=\"elementor-widget-container\">\n\t\t\t\t\t\t\t\t\t\t\t\t\t\t\t<img decoding=\"async\" width=\"840\" height=\"840\" src=\"https:\/\/miradasistemica.com\/saltoquantico\/wp-content\/uploads\/sites\/4\/2025\/02\/Testemunhos_2-1024x1024.jpeg\" class=\"attachment-large size-large wp-image-209\" alt=\"Retiro Conex\u00e3o e Salto Qu\u00e2ntico Testemunhos - Mirada Sist\u00e9mica\" srcset=\"https:\/\/miradasistemica.com\/saltoquantico\/wp-content\/uploads\/sites\/4\/2025\/02\/Testemunhos_2-1024x1024.jpeg 1024w, https:\/\/miradasistemica.com\/saltoquantico\/wp-content\/uploads\/sites\/4\/2025\/02\/Testemunhos_2-300x300.jpeg 300w, https:\/\/miradasistemica.com\/saltoquantico\/wp-content\/uploads\/sites\/4\/2025\/02\/Testemunhos_2-150x150.jpeg 150w, https:\/\/miradasistemica.com\/saltoquantico\/wp-content\/uploads\/sites\/4\/2025\/02\/Testemunhos_2-768x768.jpeg 768w, https:\/\/miradasistemica.com\/saltoquantico\/wp-content\/uploads\/sites\/4\/2025\/02\/Testemunhos_2.jpeg 1080w\" sizes=\"(max-width: 709px) 85vw, (max-width: 909px) 67vw, (max-width: 1362px) 62vw, 840px\" \/>\t\t\t\t\t\t\t\t\t\t\t\t\t\t\t<\/div>\n\t\t\t\t<\/div>\n\t\t\t\t\t<\/div>\n\t\t<\/div>\n\t\t\t\t\t<\/div>\n\t\t<\/section>\n\t\t\t\t<section class=\"elementor-section elementor-top-section elementor-element elementor-element-ef2be7a elementor-section-boxed elementor-section-height-default elementor-section-height-default\" data-id=\"ef2be7a\" data-element_type=\"section\" data-e-type=\"section\">\n\t\t\t\t\t\t<div class=\"elementor-container elementor-column-gap-default\">\n\t\t\t\t\t<div class=\"elementor-column elementor-col-100 elementor-top-column elementor-element elementor-element-153263a\" data-id=\"153263a\" data-element_type=\"column\" data-e-type=\"column\">\n\t\t\t<div class=\"elementor-widget-wrap\">\n\t\t\t\t\t\t\t<\/div>\n\t\t<\/div>\n\t\t\t\t\t<\/div>\n\t\t<\/section>\n\t\t\t\t<section class=\"elementor-section elementor-top-section elementor-element elementor-element-a12e587 elementor-section-boxed elementor-section-height-default elementor-section-height-default\" data-id=\"a12e587\" data-element_type=\"section\" data-e-type=\"section\">\n\t\t\t\t\t\t<div class=\"elementor-container elementor-column-gap-default\">\n\t\t\t\t\t<div class=\"elementor-column elementor-col-100 elementor-top-column elementor-element elementor-element-00ba049\" data-id=\"00ba049\" data-element_type=\"column\" data-e-type=\"column\">\n\t\t\t<div class=\"elementor-widget-wrap elementor-element-populated\">\n\t\t\t\t\t\t<div class=\"elementor-element elementor-element-938164e elementor-widget elementor-widget-image\" data-id=\"938164e\" data-element_type=\"widget\" data-e-type=\"widget\" data-widget_type=\"image.default\">\n\t\t\t\t<div class=\"elementor-widget-container\">\n\t\t\t\t\t\t\t\t\t\t\t\t\t\t\t<img decoding=\"async\" width=\"840\" height=\"840\" src=\"https:\/\/miradasistemica.com\/saltoquantico\/wp-content\/uploads\/sites\/4\/2025\/02\/Testemunhos_3-1024x1024.jpeg\" class=\"attachment-large size-large wp-image-210\" alt=\"Retiro Conex\u00e3o e Salto Qu\u00e2ntico Testemunhos - Mirada Sist\u00e9mica\" srcset=\"https:\/\/miradasistemica.com\/saltoquantico\/wp-content\/uploads\/sites\/4\/2025\/02\/Testemunhos_3-1024x1024.jpeg 1024w, https:\/\/miradasistemica.com\/saltoquantico\/wp-content\/uploads\/sites\/4\/2025\/02\/Testemunhos_3-300x300.jpeg 300w, https:\/\/miradasistemica.com\/saltoquantico\/wp-content\/uploads\/sites\/4\/2025\/02\/Testemunhos_3-150x150.jpeg 150w, https:\/\/miradasistemica.com\/saltoquantico\/wp-content\/uploads\/sites\/4\/2025\/02\/Testemunhos_3-768x768.jpeg 768w, https:\/\/miradasistemica.com\/saltoquantico\/wp-content\/uploads\/sites\/4\/2025\/02\/Testemunhos_3.jpeg 1080w\" sizes=\"(max-width: 709px) 85vw, (max-width: 909px) 67vw, (max-width: 1362px) 62vw, 840px\" \/>\t\t\t\t\t\t\t\t\t\t\t\t\t\t\t<\/div>\n\t\t\t\t<\/div>\n\t\t\t\t\t<\/div>\n\t\t<\/div>\n\t\t\t\t\t<\/div>\n\t\t<\/section>\n\t\t\t\t<section class=\"elementor-section elementor-top-section elementor-element elementor-element-d992fdc elementor-section-boxed elementor-section-height-default elementor-section-height-default\" data-id=\"d992fdc\" data-element_type=\"section\" data-e-type=\"section\">\n\t\t\t\t\t\t<div class=\"elementor-container elementor-column-gap-default\">\n\t\t\t\t\t<div class=\"elementor-column elementor-col-100 elementor-top-column elementor-element elementor-element-6792efc\" data-id=\"6792efc\" data-element_type=\"column\" data-e-type=\"column\">\n\t\t\t<div class=\"elementor-widget-wrap elementor-element-populated\">\n\t\t\t\t\t\t<div class=\"elementor-element elementor-element-e4048ca elementor-widget elementor-widget-image\" data-id=\"e4048ca\" data-element_type=\"widget\" data-e-type=\"widget\" data-widget_type=\"image.default\">\n\t\t\t\t<div class=\"elementor-widget-container\">\n\t\t\t\t\t\t\t\t\t\t\t\t\t\t\t<img loading=\"lazy\" decoding=\"async\" width=\"840\" height=\"840\" src=\"https:\/\/miradasistemica.com\/saltoquantico\/wp-content\/uploads\/sites\/4\/2025\/05\/Testemunhos_4-1024x1024.jpeg\" class=\"attachment-large size-large wp-image-348\" alt=\"Retiro Conex\u00e3o e Salto Qu\u00e2ntico Testemunhos - Mirada Sist\u00e9mica\" srcset=\"https:\/\/miradasistemica.com\/saltoquantico\/wp-content\/uploads\/sites\/4\/2025\/05\/Testemunhos_4-1024x1024.jpeg 1024w, https:\/\/miradasistemica.com\/saltoquantico\/wp-content\/uploads\/sites\/4\/2025\/05\/Testemunhos_4-300x300.jpeg 300w, https:\/\/miradasistemica.com\/saltoquantico\/wp-content\/uploads\/sites\/4\/2025\/05\/Testemunhos_4-150x150.jpeg 150w, https:\/\/miradasistemica.com\/saltoquantico\/wp-content\/uploads\/sites\/4\/2025\/05\/Testemunhos_4-768x768.jpeg 768w, https:\/\/miradasistemica.com\/saltoquantico\/wp-content\/uploads\/sites\/4\/2025\/05\/Testemunhos_4.jpeg 1080w\" sizes=\"(max-width: 709px) 85vw, (max-width: 909px) 67vw, (max-width: 1362px) 62vw, 840px\" \/>\t\t\t\t\t\t\t\t\t\t\t\t\t\t\t<\/div>\n\t\t\t\t<\/div>\n\t\t\t\t\t<\/div>\n\t\t<\/div>\n\t\t\t\t\t<\/div>\n\t\t<\/section>\n\t\t\t\t<section class=\"elementor-section elementor-top-section elementor-element elementor-element-42d714a elementor-section-boxed elementor-section-height-default elementor-section-height-default\" data-id=\"42d714a\" data-element_type=\"section\" data-e-type=\"section\">\n\t\t\t\t\t\t<div class=\"elementor-container elementor-column-gap-default\">\n\t\t\t\t\t<div class=\"elementor-column elementor-col-100 elementor-top-column elementor-element elementor-element-050a644\" data-id=\"050a644\" data-element_type=\"column\" data-e-type=\"column\">\n\t\t\t<div class=\"elementor-widget-wrap elementor-element-populated\">\n\t\t\t\t\t\t<div class=\"elementor-element elementor-element-4e0f82a elementor-widget elementor-widget-image\" data-id=\"4e0f82a\" data-element_type=\"widget\" data-e-type=\"widget\" data-widget_type=\"image.default\">\n\t\t\t\t<div class=\"elementor-widget-container\">\n\t\t\t\t\t\t\t\t\t\t\t\t\t\t\t<img loading=\"lazy\" decoding=\"async\" width=\"840\" height=\"840\" src=\"https:\/\/miradasistemica.com\/saltoquantico\/wp-content\/uploads\/sites\/4\/2025\/05\/Testemunhos_5-1024x1024.jpeg\" class=\"attachment-large size-large wp-image-350\" alt=\"Retiro Conex\u00e3o e Salto Qu\u00e2ntico Testemunhos - Mirada Sist\u00e9mica\" srcset=\"https:\/\/miradasistemica.com\/saltoquantico\/wp-content\/uploads\/sites\/4\/2025\/05\/Testemunhos_5-1024x1024.jpeg 1024w, https:\/\/miradasistemica.com\/saltoquantico\/wp-content\/uploads\/sites\/4\/2025\/05\/Testemunhos_5-300x300.jpeg 300w, https:\/\/miradasistemica.com\/saltoquantico\/wp-content\/uploads\/sites\/4\/2025\/05\/Testemunhos_5-150x150.jpeg 150w, https:\/\/miradasistemica.com\/saltoquantico\/wp-content\/uploads\/sites\/4\/2025\/05\/Testemunhos_5-768x768.jpeg 768w, https:\/\/miradasistemica.com\/saltoquantico\/wp-content\/uploads\/sites\/4\/2025\/05\/Testemunhos_5.jpeg 1080w\" sizes=\"(max-width: 709px) 85vw, (max-width: 909px) 67vw, (max-width: 1362px) 62vw, 840px\" \/>\t\t\t\t\t\t\t\t\t\t\t\t\t\t\t<\/div>\n\t\t\t\t<\/div>\n\t\t\t\t\t<\/div>\n\t\t<\/div>\n\t\t\t\t\t<\/div>\n\t\t<\/section>\n\t\t\t\t<section class=\"elementor-section elementor-top-section elementor-element elementor-element-4c5c997 elementor-section-boxed elementor-section-height-default elementor-section-height-default\" data-id=\"4c5c997\" data-element_type=\"section\" data-e-type=\"section\">\n\t\t\t\t\t\t<div class=\"elementor-container elementor-column-gap-default\">\n\t\t\t\t\t<div class=\"elementor-column elementor-col-100 elementor-top-column elementor-element elementor-element-749eeda\" data-id=\"749eeda\" data-element_type=\"column\" data-e-type=\"column\">\n\t\t\t<div class=\"elementor-widget-wrap elementor-element-populated\">\n\t\t\t\t\t\t<div class=\"elementor-element elementor-element-6c545f9 elementor-widget elementor-widget-image\" data-id=\"6c545f9\" data-element_type=\"widget\" data-e-type=\"widget\" data-widget_type=\"image.default\">\n\t\t\t\t<div class=\"elementor-widget-container\">\n\t\t\t\t\t\t\t\t\t\t\t\t\t\t\t<img loading=\"lazy\" decoding=\"async\" width=\"840\" height=\"840\" src=\"https:\/\/miradasistemica.com\/saltoquantico\/wp-content\/uploads\/sites\/4\/2025\/05\/Testemunhos_6-1024x1024.jpeg\" class=\"attachment-large size-large wp-image-351\" alt=\"Retiro Conex\u00e3o e Salto Qu\u00e2ntico Testemunhos - Mirada Sist\u00e9mica\" srcset=\"https:\/\/miradasistemica.com\/saltoquantico\/wp-content\/uploads\/sites\/4\/2025\/05\/Testemunhos_6-1024x1024.jpeg 1024w, https:\/\/miradasistemica.com\/saltoquantico\/wp-content\/uploads\/sites\/4\/2025\/05\/Testemunhos_6-300x300.jpeg 300w, https:\/\/miradasistemica.com\/saltoquantico\/wp-content\/uploads\/sites\/4\/2025\/05\/Testemunhos_6-150x150.jpeg 150w, https:\/\/miradasistemica.com\/saltoquantico\/wp-content\/uploads\/sites\/4\/2025\/05\/Testemunhos_6-768x768.jpeg 768w, https:\/\/miradasistemica.com\/saltoquantico\/wp-content\/uploads\/sites\/4\/2025\/05\/Testemunhos_6.jpeg 1080w\" sizes=\"(max-width: 709px) 85vw, (max-width: 909px) 67vw, (max-width: 1362px) 62vw, 840px\" \/>\t\t\t\t\t\t\t\t\t\t\t\t\t\t\t<\/div>\n\t\t\t\t<\/div>\n\t\t\t\t\t<\/div>\n\t\t<\/div>\n\t\t\t\t\t<\/div>\n\t\t<\/section>\n\t\t\t\t<\/div>\n\t\t","protected":false},"excerpt":{"rendered":"","protected":false},"author":1,"featured_media":0,"parent":0,"menu_order":0,"comment_status":"closed","ping_status":"closed","template":"","meta":{"footnotes":""},"class_list":["post-328","page","type-page","status-publish","hentry"],"aioseo_notices":[],"_links":{"self":[{"href":"https:\/\/miradasistemica.com\/saltoquantico\/wp-json\/wp\/v2\/pages\/328","targetHints":{"allow":["GET"]}}],"collection":[{"href":"https:\/\/miradasistemica.com\/saltoquantico\/wp-json\/wp\/v2\/pages"}],"about":[{"href":"https:\/\/miradasistemica.com\/saltoquantico\/wp-json\/wp\/v2\/types\/page"}],"author":[{"embeddable":true,"href":"https:\/\/miradasistemica.com\/saltoquantico\/wp-json\/wp\/v2\/users\/1"}],"replies":[{"embeddable":true,"href":"https:\/\/miradasistemica.com\/saltoquantico\/wp-json\/wp\/v2\/comments?post=328"}],"version-history":[{"count":2,"href":"https:\/\/miradasistemica.com\/saltoquantico\/wp-json\/wp\/v2\/pages\/328\/revisions"}],"predecessor-version":[{"id":357,"href":"https:\/\/miradasistemica.com\/saltoquantico\/wp-json\/wp\/v2\/pages\/328\/revisions\/357"}],"wp:attachment":[{"href":"https:\/\/miradasistemica.com\/saltoquantico\/wp-json\/wp\/v2\/media?parent=328"}],"curies":[{"name":"wp","href":"https:\/\/api.w.org\/{rel}","templated":true}]}}