{"id":324,"date":"2025-03-30T18:06:41","date_gmt":"2025-03-30T18:06:41","guid":{"rendered":"https:\/\/miradasistemica.com\/saltoquantico\/?page_id=324"},"modified":"2025-05-23T14:37:10","modified_gmt":"2025-05-23T14:37:10","slug":"inversion","status":"publish","type":"page","link":"https:\/\/miradasistemica.com\/saltoquantico\/es\/inversion\/","title":{"rendered":"Inversi\u00f3n"},"content":{"rendered":"\t\t<div data-elementor-type=\"wp-page\" data-elementor-id=\"324\" class=\"elementor elementor-324\" data-elementor-post-type=\"page\">\n\t\t\t\t\t\t<section class=\"elementor-section elementor-top-section elementor-element elementor-element-2088b27 elementor-section-boxed elementor-section-height-default elementor-section-height-default\" data-id=\"2088b27\" data-element_type=\"section\" data-e-type=\"section\">\n\t\t\t\t\t\t<div class=\"elementor-container elementor-column-gap-default\">\n\t\t\t\t\t<div class=\"elementor-column elementor-col-100 elementor-top-column elementor-element elementor-element-d47863d\" data-id=\"d47863d\" data-element_type=\"column\" data-e-type=\"column\">\n\t\t\t<div class=\"elementor-widget-wrap elementor-element-populated\">\n\t\t\t\t\t\t<div class=\"elementor-element elementor-element-ec4747b elementor-widget elementor-widget-image\" data-id=\"ec4747b\" data-element_type=\"widget\" data-e-type=\"widget\" data-widget_type=\"image.default\">\n\t\t\t\t<div class=\"elementor-widget-container\">\n\t\t\t\t\t\t\t\t\t\t\t\t\t\t\t<img fetchpriority=\"high\" decoding=\"async\" width=\"840\" height=\"840\" src=\"https:\/\/miradasistemica.com\/saltoquantico\/wp-content\/uploads\/sites\/4\/2025\/05\/investimento2-1024x1024.jpeg\" class=\"attachment-large size-large wp-image-381\" alt=\"Retiro Conex\u00e3o e Salto Qu\u00e2ntico Investimento - Terra e Raiz- Mirada Sist\u00e9mica\" srcset=\"https:\/\/miradasistemica.com\/saltoquantico\/wp-content\/uploads\/sites\/4\/2025\/05\/investimento2-1024x1024.jpeg 1024w, https:\/\/miradasistemica.com\/saltoquantico\/wp-content\/uploads\/sites\/4\/2025\/05\/investimento2-300x300.jpeg 300w, https:\/\/miradasistemica.com\/saltoquantico\/wp-content\/uploads\/sites\/4\/2025\/05\/investimento2-150x150.jpeg 150w, https:\/\/miradasistemica.com\/saltoquantico\/wp-content\/uploads\/sites\/4\/2025\/05\/investimento2-768x768.jpeg 768w, https:\/\/miradasistemica.com\/saltoquantico\/wp-content\/uploads\/sites\/4\/2025\/05\/investimento2.jpeg 1080w\" sizes=\"(max-width: 709px) 85vw, (max-width: 909px) 67vw, (max-width: 1362px) 62vw, 840px\" \/>\t\t\t\t\t\t\t\t\t\t\t\t\t\t\t<\/div>\n\t\t\t\t<\/div>\n\t\t\t\t\t<\/div>\n\t\t<\/div>\n\t\t\t\t\t<\/div>\n\t\t<\/section>\n\t\t\t\t<section class=\"elementor-section elementor-top-section elementor-element elementor-element-fc7c4cf elementor-section-boxed elementor-section-height-default elementor-section-height-default\" data-id=\"fc7c4cf\" data-element_type=\"section\" data-e-type=\"section\">\n\t\t\t\t\t\t<div class=\"elementor-container elementor-column-gap-default\">\n\t\t\t\t\t<div class=\"elementor-column elementor-col-100 elementor-top-column elementor-element elementor-element-b019fa4\" data-id=\"b019fa4\" data-element_type=\"column\" data-e-type=\"column\">\n\t\t\t<div class=\"elementor-widget-wrap elementor-element-populated\">\n\t\t\t\t\t\t<div class=\"elementor-element elementor-element-35f1a7b elementor-widget elementor-widget-text-editor\" data-id=\"35f1a7b\" data-element_type=\"widget\" data-e-type=\"widget\" data-widget_type=\"text-editor.default\">\n\t\t\t\t<div class=\"elementor-widget-container\">\n\t\t\t\t\t\t\t\t\tInforma\u00e7\u00f5es:\n<a href=\"mailto:nidiacosta@miradasistemica.com\" target=\"_blank\" rel=\"noopener\">nidiacosta@miradasistemica.com<\/a>\nTl <a href=\"https:\/\/wa.me\/351925430664\" target=\"_blank\" rel=\"noopener\">+351 925430664<\/a> N\u00eddia Costa\n\nValor do investimento (comida + dormida + trabalhos)\n<ul>\n \t\n \t<li>530\u20ac depois de 16\/05<\/li>\n<\/ul>\nNa Inscri\u00e7\u00e3o: 150\u20ac \u00a0 j\u00e1 incluido no valor total\n<h2>Inscreve-te em:<\/h2>\t\t\t\t\t\t\t\t<\/div>\n\t\t\t\t<\/div>\n\t\t\t\t\t<\/div>\n\t\t<\/div>\n\t\t\t\t\t<\/div>\n\t\t<\/section>\n\t\t\t\t<section class=\"elementor-section elementor-top-section elementor-element elementor-element-d27f570 elementor-section-boxed elementor-section-height-default elementor-section-height-default\" data-id=\"d27f570\" data-element_type=\"section\" data-e-type=\"section\">\n\t\t\t\t\t\t<div class=\"elementor-container elementor-column-gap-default\">\n\t\t\t\t\t<div class=\"elementor-column elementor-col-100 elementor-top-column elementor-element elementor-element-c07458c\" data-id=\"c07458c\" data-element_type=\"column\" data-e-type=\"column\">\n\t\t\t<div class=\"elementor-widget-wrap elementor-element-populated\">\n\t\t\t\t\t\t<div class=\"elementor-element elementor-element-65d6a8b elementor-widget elementor-widget-shortcode\" data-id=\"65d6a8b\" data-element_type=\"widget\" data-e-type=\"widget\" data-widget_type=\"shortcode.default\">\n\t\t\t\t<div class=\"elementor-widget-container\">\n\t\t\t\t\t\t\t<div class=\"elementor-shortcode\">\n\n\n<script>\n  if (typeof hasAmeliaEvent === 'undefined') {\n    var hasAmeliaEvent = true;\n  }\n  if (typeof hasEventApiCall === 'undefined' && ('' === '' && '' !== '1')) {\n    var hasEventApiCall = true;\n  }\n  var hasEventShortcode = (typeof hasEventShortcode === 'undefined') ? false : true;\n  var ameliaShortcodeData = (typeof ameliaShortcodeData === 'undefined') ? [] : ameliaShortcodeData;\n  ameliaShortcodeData.push(\n    {\n      'hasApiCall': (typeof hasEventApiCall !== 'undefined') && hasEventApiCall,\n      'trigger': '',\n      'trigger_type': '',\n      'triggered_form': 'elf',\n      'in_dialog': '',\n      'counter': '1000',\n      'employee': '',\n      'eventId': '1',\n      'eventRecurring': 0,\n      'eventTag': \"\",\n      'locationId': \"\",\n      'range': \"\"\n    }\n  );\n  var ameliaShortcodeDataTriggered = (typeof ameliaShortcodeDataTriggered === 'undefined') ? [] : ameliaShortcodeDataTriggered;\n  if (ameliaShortcodeData[ameliaShortcodeData.length - 1].trigger !== '') {\n    if (ameliaShortcodeDataTriggered.filter(a => a.counter === ameliaShortcodeData[ameliaShortcodeData.length - 1].counter).length === 0) {\n      ameliaShortcodeDataTriggered.push(ameliaShortcodeData.pop());\n    } else {\n      ameliaShortcodeData.pop()\n    }\n  }\n  if (typeof hasEventApiCall !== 'undefined' && hasEventApiCall) {\n    hasEventApiCall = false;\n  }\n<\/script>\n\n<div\n  id=\"amelia-v2-booking-1000\"\n  class=\"amelia-v2-booking\"\n>\n    <events-list-form-wrapper><\/div>\n\n<\/div>\n\t\t\t\t\t\t<\/div>\n\t\t\t\t<\/div>\n\t\t\t\t\t<\/div>\n\t\t<\/div>\n\t\t\t\t\t<\/div>\n\t\t<\/section>\n\t\t\t\t<\/div>\n\t\t","protected":false},"excerpt":{"rendered":"<p>Informa\u00e7\u00f5es: nidiacosta@miradasistemica.com Tl +351 925430664 N\u00eddia Costa Valor do investimento (comida + dormida + trabalhos) 530\u20ac depois de 16\/05 Na Inscri\u00e7\u00e3o: 150\u20ac \u00a0 j\u00e1 incluido no valor total Inscreve-te em:<\/p>\n","protected":false},"author":1,"featured_media":0,"parent":0,"menu_order":0,"comment_status":"closed","ping_status":"closed","template":"","meta":{"footnotes":""},"class_list":["post-324","page","type-page","status-publish","hentry"],"aioseo_notices":[],"_links":{"self":[{"href":"https:\/\/miradasistemica.com\/saltoquantico\/wp-json\/wp\/v2\/pages\/324","targetHints":{"allow":["GET"]}}],"collection":[{"href":"https:\/\/miradasistemica.com\/saltoquantico\/wp-json\/wp\/v2\/pages"}],"about":[{"href":"https:\/\/miradasistemica.com\/saltoquantico\/wp-json\/wp\/v2\/types\/page"}],"author":[{"embeddable":true,"href":"https:\/\/miradasistemica.com\/saltoquantico\/wp-json\/wp\/v2\/users\/1"}],"replies":[{"embeddable":true,"href":"https:\/\/miradasistemica.com\/saltoquantico\/wp-json\/wp\/v2\/comments?post=324"}],"version-history":[{"count":2,"href":"https:\/\/miradasistemica.com\/saltoquantico\/wp-json\/wp\/v2\/pages\/324\/revisions"}],"predecessor-version":[{"id":387,"href":"https:\/\/miradasistemica.com\/saltoquantico\/wp-json\/wp\/v2\/pages\/324\/revisions\/387"}],"wp:attachment":[{"href":"https:\/\/miradasistemica.com\/saltoquantico\/wp-json\/wp\/v2\/media?parent=324"}],"curies":[{"name":"wp","href":"https:\/\/api.w.org\/{rel}","templated":true}]}}