{"id":315,"date":"2025-03-30T18:04:28","date_gmt":"2025-03-30T18:04:28","guid":{"rendered":"https:\/\/miradasistemica.com\/saltoquantico\/?page_id=315"},"modified":"2025-05-22T17:54:21","modified_gmt":"2025-05-22T17:54:21","slug":"actividades","status":"publish","type":"page","link":"https:\/\/miradasistemica.com\/saltoquantico\/es\/actividades\/","title":{"rendered":"Actividades"},"content":{"rendered":"\t\t<div data-elementor-type=\"wp-page\" data-elementor-id=\"315\" class=\"elementor elementor-315\" data-elementor-post-type=\"page\">\n\t\t\t\t\t\t<section class=\"elementor-section elementor-top-section elementor-element elementor-element-4e2a16a elementor-section-boxed elementor-section-height-default elementor-section-height-default\" data-id=\"4e2a16a\" data-element_type=\"section\" data-e-type=\"section\">\n\t\t\t\t\t\t<div class=\"elementor-container elementor-column-gap-default\">\n\t\t\t\t\t<div class=\"elementor-column elementor-col-100 elementor-top-column elementor-element elementor-element-83c4658\" data-id=\"83c4658\" data-element_type=\"column\" data-e-type=\"column\">\n\t\t\t<div class=\"elementor-widget-wrap elementor-element-populated\">\n\t\t\t\t\t\t<div class=\"elementor-element elementor-element-e8b617d elementor-widget elementor-widget-image\" data-id=\"e8b617d\" data-element_type=\"widget\" data-e-type=\"widget\" data-widget_type=\"image.default\">\n\t\t\t\t<div class=\"elementor-widget-container\">\n\t\t\t\t\t\t\t\t\t\t\t\t\t\t\t<img fetchpriority=\"high\" decoding=\"async\" width=\"840\" height=\"840\" src=\"https:\/\/miradasistemica.com\/saltoquantico\/wp-content\/uploads\/sites\/4\/2025\/02\/Retiro-Conexion-y-Salto-Cuantico_2-1024x1024.jpeg\" class=\"attachment-large size-large wp-image-187\" alt=\"Quem facilita\" srcset=\"https:\/\/miradasistemica.com\/saltoquantico\/wp-content\/uploads\/sites\/4\/2025\/02\/Retiro-Conexion-y-Salto-Cuantico_2-1024x1024.jpeg 1024w, https:\/\/miradasistemica.com\/saltoquantico\/wp-content\/uploads\/sites\/4\/2025\/02\/Retiro-Conexion-y-Salto-Cuantico_2-300x300.jpeg 300w, https:\/\/miradasistemica.com\/saltoquantico\/wp-content\/uploads\/sites\/4\/2025\/02\/Retiro-Conexion-y-Salto-Cuantico_2-150x150.jpeg 150w, https:\/\/miradasistemica.com\/saltoquantico\/wp-content\/uploads\/sites\/4\/2025\/02\/Retiro-Conexion-y-Salto-Cuantico_2-768x768.jpeg 768w, https:\/\/miradasistemica.com\/saltoquantico\/wp-content\/uploads\/sites\/4\/2025\/02\/Retiro-Conexion-y-Salto-Cuantico_2.jpeg 1080w\" sizes=\"(max-width: 709px) 85vw, (max-width: 909px) 67vw, (max-width: 1362px) 62vw, 840px\" \/>\t\t\t\t\t\t\t\t\t\t\t\t\t\t\t<\/div>\n\t\t\t\t<\/div>\n\t\t\t\t\t<\/div>\n\t\t<\/div>\n\t\t\t\t\t<\/div>\n\t\t<\/section>\n\t\t\t\t<section class=\"elementor-section elementor-top-section elementor-element elementor-element-695676d elementor-section-boxed elementor-section-height-default elementor-section-height-default\" data-id=\"695676d\" data-element_type=\"section\" data-e-type=\"section\">\n\t\t\t\t\t\t<div class=\"elementor-container elementor-column-gap-default\">\n\t\t\t\t\t<div class=\"elementor-column elementor-col-100 elementor-top-column elementor-element elementor-element-c384ad7\" data-id=\"c384ad7\" data-element_type=\"column\" data-e-type=\"column\">\n\t\t\t<div class=\"elementor-widget-wrap elementor-element-populated\">\n\t\t\t\t\t\t<div class=\"elementor-element elementor-element-05965a4 elementor-widget elementor-widget-image\" data-id=\"05965a4\" data-element_type=\"widget\" data-e-type=\"widget\" data-widget_type=\"image.default\">\n\t\t\t\t<div class=\"elementor-widget-container\">\n\t\t\t\t\t\t\t\t\t\t\t\t\t\t\t<img decoding=\"async\" width=\"840\" height=\"840\" src=\"https:\/\/miradasistemica.com\/saltoquantico\/wp-content\/uploads\/sites\/4\/2025\/05\/Atividades-2-1024x1024.jpeg\" class=\"attachment-large size-large wp-image-374\" alt=\"Retiro Conex\u00e3o e Salto Qu\u00e2ntico Atividades- Mirada Sist\u00e9mica\" srcset=\"https:\/\/miradasistemica.com\/saltoquantico\/wp-content\/uploads\/sites\/4\/2025\/05\/Atividades-2-1024x1024.jpeg 1024w, https:\/\/miradasistemica.com\/saltoquantico\/wp-content\/uploads\/sites\/4\/2025\/05\/Atividades-2-300x300.jpeg 300w, https:\/\/miradasistemica.com\/saltoquantico\/wp-content\/uploads\/sites\/4\/2025\/05\/Atividades-2-150x150.jpeg 150w, https:\/\/miradasistemica.com\/saltoquantico\/wp-content\/uploads\/sites\/4\/2025\/05\/Atividades-2-768x768.jpeg 768w, https:\/\/miradasistemica.com\/saltoquantico\/wp-content\/uploads\/sites\/4\/2025\/05\/Atividades-2.jpeg 1080w\" sizes=\"(max-width: 709px) 85vw, (max-width: 909px) 67vw, (max-width: 1362px) 62vw, 840px\" \/>\t\t\t\t\t\t\t\t\t\t\t\t\t\t\t<\/div>\n\t\t\t\t<\/div>\n\t\t\t\t\t<\/div>\n\t\t<\/div>\n\t\t\t\t\t<\/div>\n\t\t<\/section>\n\t\t\t\t<\/div>\n\t\t","protected":false},"excerpt":{"rendered":"","protected":false},"author":1,"featured_media":0,"parent":0,"menu_order":0,"comment_status":"closed","ping_status":"closed","template":"","meta":{"footnotes":""},"class_list":["post-315","page","type-page","status-publish","hentry"],"aioseo_notices":[],"_links":{"self":[{"href":"https:\/\/miradasistemica.com\/saltoquantico\/wp-json\/wp\/v2\/pages\/315","targetHints":{"allow":["GET"]}}],"collection":[{"href":"https:\/\/miradasistemica.com\/saltoquantico\/wp-json\/wp\/v2\/pages"}],"about":[{"href":"https:\/\/miradasistemica.com\/saltoquantico\/wp-json\/wp\/v2\/types\/page"}],"author":[{"embeddable":true,"href":"https:\/\/miradasistemica.com\/saltoquantico\/wp-json\/wp\/v2\/users\/1"}],"replies":[{"embeddable":true,"href":"https:\/\/miradasistemica.com\/saltoquantico\/wp-json\/wp\/v2\/comments?post=315"}],"version-history":[{"count":2,"href":"https:\/\/miradasistemica.com\/saltoquantico\/wp-json\/wp\/v2\/pages\/315\/revisions"}],"predecessor-version":[{"id":377,"href":"https:\/\/miradasistemica.com\/saltoquantico\/wp-json\/wp\/v2\/pages\/315\/revisions\/377"}],"wp:attachment":[{"href":"https:\/\/miradasistemica.com\/saltoquantico\/wp-json\/wp\/v2\/media?parent=315"}],"curies":[{"name":"wp","href":"https:\/\/api.w.org\/{rel}","templated":true}]}}