{"id":24,"date":"2023-04-10T12:03:47","date_gmt":"2023-04-10T12:03:47","guid":{"rendered":"https:\/\/miradasistemica.com\/saltoquantico\/?page_id=24"},"modified":"2025-02-16T21:04:53","modified_gmt":"2025-02-16T21:04:53","slug":"lugar","status":"publish","type":"page","link":"https:\/\/miradasistemica.com\/saltoquantico\/lugar\/","title":{"rendered":"Lugar"},"content":{"rendered":"\t\t<div data-elementor-type=\"wp-page\" data-elementor-id=\"24\" class=\"elementor elementor-24\" data-elementor-post-type=\"page\">\n\t\t\t\t\t\t<section class=\"elementor-section elementor-top-section elementor-element elementor-element-d9c471f elementor-section-boxed elementor-section-height-default elementor-section-height-default\" data-id=\"d9c471f\" data-element_type=\"section\" data-e-type=\"section\">\n\t\t\t\t\t\t<div class=\"elementor-container elementor-column-gap-default\">\n\t\t\t\t\t<div class=\"elementor-column elementor-col-100 elementor-top-column elementor-element elementor-element-f64a09a\" data-id=\"f64a09a\" data-element_type=\"column\" data-e-type=\"column\">\n\t\t\t<div class=\"elementor-widget-wrap elementor-element-populated\">\n\t\t\t\t\t\t<div class=\"elementor-element elementor-element-947f175 elementor-widget elementor-widget-image\" data-id=\"947f175\" data-element_type=\"widget\" data-e-type=\"widget\" data-widget_type=\"image.default\">\n\t\t\t\t<div class=\"elementor-widget-container\">\n\t\t\t\t\t\t\t\t\t\t\t\t\t\t\t<img fetchpriority=\"high\" decoding=\"async\" width=\"840\" height=\"840\" src=\"https:\/\/miradasistemica.com\/saltoquantico\/wp-content\/uploads\/sites\/4\/2025\/02\/Retiro-Conexion-y-Salto-Cuantico_4-1024x1024.jpeg\" class=\"attachment-large size-large wp-image-193\" alt=\"Retiro Conex\u00e3o e Salto Qu\u00e2ntico - Terra e Raiz- Mirada Sist\u00e9mica\" srcset=\"https:\/\/miradasistemica.com\/saltoquantico\/wp-content\/uploads\/sites\/4\/2025\/02\/Retiro-Conexion-y-Salto-Cuantico_4-1024x1024.jpeg 1024w, https:\/\/miradasistemica.com\/saltoquantico\/wp-content\/uploads\/sites\/4\/2025\/02\/Retiro-Conexion-y-Salto-Cuantico_4-300x300.jpeg 300w, https:\/\/miradasistemica.com\/saltoquantico\/wp-content\/uploads\/sites\/4\/2025\/02\/Retiro-Conexion-y-Salto-Cuantico_4-150x150.jpeg 150w, https:\/\/miradasistemica.com\/saltoquantico\/wp-content\/uploads\/sites\/4\/2025\/02\/Retiro-Conexion-y-Salto-Cuantico_4-768x768.jpeg 768w, https:\/\/miradasistemica.com\/saltoquantico\/wp-content\/uploads\/sites\/4\/2025\/02\/Retiro-Conexion-y-Salto-Cuantico_4.jpeg 1080w\" sizes=\"(max-width: 709px) 85vw, (max-width: 909px) 67vw, (max-width: 1362px) 62vw, 840px\" \/>\t\t\t\t\t\t\t\t\t\t\t\t\t\t\t<\/div>\n\t\t\t\t<\/div>\n\t\t\t\t\t<\/div>\n\t\t<\/div>\n\t\t\t\t\t<\/div>\n\t\t<\/section>\n\t\t\t\t<section class=\"elementor-section elementor-top-section elementor-element elementor-element-c74f7e8 elementor-section-boxed elementor-section-height-default elementor-section-height-default\" data-id=\"c74f7e8\" data-element_type=\"section\" data-e-type=\"section\">\n\t\t\t\t\t\t<div class=\"elementor-container elementor-column-gap-default\">\n\t\t\t\t\t<div class=\"elementor-column elementor-col-100 elementor-top-column elementor-element elementor-element-8dd17ad\" data-id=\"8dd17ad\" data-element_type=\"column\" data-e-type=\"column\">\n\t\t\t<div class=\"elementor-widget-wrap elementor-element-populated\">\n\t\t\t\t\t\t<div class=\"elementor-element elementor-element-7c12046 elementor-widget elementor-widget-image\" data-id=\"7c12046\" data-element_type=\"widget\" data-e-type=\"widget\" data-widget_type=\"image.default\">\n\t\t\t\t<div class=\"elementor-widget-container\">\n\t\t\t\t\t\t\t\t\t\t\t\t\t\t\t<img decoding=\"async\" width=\"840\" height=\"840\" src=\"https:\/\/miradasistemica.com\/saltoquantico\/wp-content\/uploads\/sites\/4\/2025\/02\/Retiro-Conexion-y-Salto-Cuantico_5-1024x1024.jpeg\" class=\"attachment-large size-large wp-image-194\" alt=\"Retiro Conex\u00e3o e Salto Qu\u00e2ntico - Terra e Raiz- Mirada Sist\u00e9mica\" srcset=\"https:\/\/miradasistemica.com\/saltoquantico\/wp-content\/uploads\/sites\/4\/2025\/02\/Retiro-Conexion-y-Salto-Cuantico_5-1024x1024.jpeg 1024w, https:\/\/miradasistemica.com\/saltoquantico\/wp-content\/uploads\/sites\/4\/2025\/02\/Retiro-Conexion-y-Salto-Cuantico_5-300x300.jpeg 300w, https:\/\/miradasistemica.com\/saltoquantico\/wp-content\/uploads\/sites\/4\/2025\/02\/Retiro-Conexion-y-Salto-Cuantico_5-150x150.jpeg 150w, https:\/\/miradasistemica.com\/saltoquantico\/wp-content\/uploads\/sites\/4\/2025\/02\/Retiro-Conexion-y-Salto-Cuantico_5-768x768.jpeg 768w, https:\/\/miradasistemica.com\/saltoquantico\/wp-content\/uploads\/sites\/4\/2025\/02\/Retiro-Conexion-y-Salto-Cuantico_5.jpeg 1080w\" sizes=\"(max-width: 709px) 85vw, (max-width: 909px) 67vw, (max-width: 1362px) 62vw, 840px\" \/>\t\t\t\t\t\t\t\t\t\t\t\t\t\t\t<\/div>\n\t\t\t\t<\/div>\n\t\t\t\t\t<\/div>\n\t\t<\/div>\n\t\t\t\t\t<\/div>\n\t\t<\/section>\n\t\t\t\t<section class=\"elementor-section elementor-top-section elementor-element elementor-element-ba389a6 elementor-section-boxed elementor-section-height-default elementor-section-height-default\" data-id=\"ba389a6\" data-element_type=\"section\" data-e-type=\"section\">\n\t\t\t\t\t\t<div class=\"elementor-container elementor-column-gap-default\">\n\t\t\t\t\t<div class=\"elementor-column elementor-col-100 elementor-top-column elementor-element elementor-element-6e8f9d3\" data-id=\"6e8f9d3\" data-element_type=\"column\" data-e-type=\"column\">\n\t\t\t<div class=\"elementor-widget-wrap elementor-element-populated\">\n\t\t\t\t\t\t<div class=\"elementor-element elementor-element-6b97cd1 elementor-widget elementor-widget-image\" data-id=\"6b97cd1\" data-element_type=\"widget\" data-e-type=\"widget\" data-widget_type=\"image.default\">\n\t\t\t\t<div class=\"elementor-widget-container\">\n\t\t\t\t\t\t\t\t\t\t\t\t\t\t\t<img decoding=\"async\" width=\"840\" height=\"559\" src=\"https:\/\/miradasistemica.com\/saltoquantico\/wp-content\/uploads\/sites\/4\/2023\/04\/0009-1024x682.jpg\" class=\"attachment-large size-large wp-image-74\" alt=\"Terra e raiz piscina Salto Qu\u00e2ntico - Mirada Sist\u00e9mica\" srcset=\"https:\/\/miradasistemica.com\/saltoquantico\/wp-content\/uploads\/sites\/4\/2023\/04\/0009-1024x682.jpg 1024w, https:\/\/miradasistemica.com\/saltoquantico\/wp-content\/uploads\/sites\/4\/2023\/04\/0009-300x200.jpg 300w, https:\/\/miradasistemica.com\/saltoquantico\/wp-content\/uploads\/sites\/4\/2023\/04\/0009-768x512.jpg 768w, https:\/\/miradasistemica.com\/saltoquantico\/wp-content\/uploads\/sites\/4\/2023\/04\/0009-1536x1023.jpg 1536w, https:\/\/miradasistemica.com\/saltoquantico\/wp-content\/uploads\/sites\/4\/2023\/04\/0009-2048x1364.jpg 2048w, https:\/\/miradasistemica.com\/saltoquantico\/wp-content\/uploads\/sites\/4\/2023\/04\/0009-1200x799.jpg 1200w, https:\/\/miradasistemica.com\/saltoquantico\/wp-content\/uploads\/sites\/4\/2023\/04\/0009-1320x879.jpg 1320w\" sizes=\"(max-width: 709px) 85vw, (max-width: 909px) 67vw, (max-width: 1362px) 62vw, 840px\" \/>\t\t\t\t\t\t\t\t\t\t\t\t\t\t\t<\/div>\n\t\t\t\t<\/div>\n\t\t\t\t\t<\/div>\n\t\t<\/div>\n\t\t\t\t\t<\/div>\n\t\t<\/section>\n\t\t\t\t<section class=\"elementor-section elementor-top-section elementor-element elementor-element-7c1168b elementor-section-boxed elementor-section-height-default elementor-section-height-default\" data-id=\"7c1168b\" data-element_type=\"section\" data-e-type=\"section\">\n\t\t\t\t\t\t<div class=\"elementor-container elementor-column-gap-default\">\n\t\t\t\t\t<div class=\"elementor-column elementor-col-100 elementor-top-column elementor-element elementor-element-e9d72bd\" data-id=\"e9d72bd\" data-element_type=\"column\" data-e-type=\"column\">\n\t\t\t<div class=\"elementor-widget-wrap elementor-element-populated\">\n\t\t\t\t\t\t<div class=\"elementor-element elementor-element-cbae1ee elementor-widget elementor-widget-image\" data-id=\"cbae1ee\" data-element_type=\"widget\" data-e-type=\"widget\" data-widget_type=\"image.default\">\n\t\t\t\t<div class=\"elementor-widget-container\">\n\t\t\t\t\t\t\t\t\t\t\t\t\t\t\t<img loading=\"lazy\" decoding=\"async\" width=\"840\" height=\"559\" src=\"https:\/\/miradasistemica.com\/saltoquantico\/wp-content\/uploads\/sites\/4\/2023\/04\/0008-1024x682.jpg\" class=\"attachment-large size-large wp-image-80\" alt=\"\" srcset=\"https:\/\/miradasistemica.com\/saltoquantico\/wp-content\/uploads\/sites\/4\/2023\/04\/0008-1024x682.jpg 1024w, https:\/\/miradasistemica.com\/saltoquantico\/wp-content\/uploads\/sites\/4\/2023\/04\/0008-300x200.jpg 300w, https:\/\/miradasistemica.com\/saltoquantico\/wp-content\/uploads\/sites\/4\/2023\/04\/0008-768x512.jpg 768w, https:\/\/miradasistemica.com\/saltoquantico\/wp-content\/uploads\/sites\/4\/2023\/04\/0008-1536x1023.jpg 1536w, https:\/\/miradasistemica.com\/saltoquantico\/wp-content\/uploads\/sites\/4\/2023\/04\/0008-2048x1364.jpg 2048w, https:\/\/miradasistemica.com\/saltoquantico\/wp-content\/uploads\/sites\/4\/2023\/04\/0008-1200x799.jpg 1200w, https:\/\/miradasistemica.com\/saltoquantico\/wp-content\/uploads\/sites\/4\/2023\/04\/0008-1320x879.jpg 1320w\" sizes=\"(max-width: 709px) 85vw, (max-width: 909px) 67vw, (max-width: 1362px) 62vw, 840px\" \/>\t\t\t\t\t\t\t\t\t\t\t\t\t\t\t<\/div>\n\t\t\t\t<\/div>\n\t\t\t\t\t<\/div>\n\t\t<\/div>\n\t\t\t\t\t<\/div>\n\t\t<\/section>\n\t\t\t\t<section class=\"elementor-section elementor-top-section elementor-element elementor-element-6ae6c07 elementor-section-boxed elementor-section-height-default elementor-section-height-default\" data-id=\"6ae6c07\" data-element_type=\"section\" data-e-type=\"section\">\n\t\t\t\t\t\t<div class=\"elementor-container elementor-column-gap-default\">\n\t\t\t\t\t<div class=\"elementor-column elementor-col-100 elementor-top-column elementor-element elementor-element-8da941e\" data-id=\"8da941e\" data-element_type=\"column\" data-e-type=\"column\">\n\t\t\t<div class=\"elementor-widget-wrap elementor-element-populated\">\n\t\t\t\t\t\t<div class=\"elementor-element elementor-element-52121a4 elementor-widget elementor-widget-image\" data-id=\"52121a4\" data-element_type=\"widget\" data-e-type=\"widget\" data-widget_type=\"image.default\">\n\t\t\t\t<div class=\"elementor-widget-container\">\n\t\t\t\t\t\t\t\t\t\t\t\t\t\t\t<img loading=\"lazy\" decoding=\"async\" width=\"840\" height=\"559\" src=\"https:\/\/miradasistemica.com\/saltoquantico\/wp-content\/uploads\/sites\/4\/2023\/04\/0015-1024x682.jpg\" class=\"attachment-large size-large wp-image-76\" alt=\"Terra e raiz localiza\u00e7\u00e3o Salto Qu\u00e2ntico - Mirada Sist\u00e9mica\" srcset=\"https:\/\/miradasistemica.com\/saltoquantico\/wp-content\/uploads\/sites\/4\/2023\/04\/0015-1024x682.jpg 1024w, https:\/\/miradasistemica.com\/saltoquantico\/wp-content\/uploads\/sites\/4\/2023\/04\/0015-300x200.jpg 300w, https:\/\/miradasistemica.com\/saltoquantico\/wp-content\/uploads\/sites\/4\/2023\/04\/0015-768x512.jpg 768w, https:\/\/miradasistemica.com\/saltoquantico\/wp-content\/uploads\/sites\/4\/2023\/04\/0015-1536x1023.jpg 1536w, https:\/\/miradasistemica.com\/saltoquantico\/wp-content\/uploads\/sites\/4\/2023\/04\/0015-2048x1364.jpg 2048w, https:\/\/miradasistemica.com\/saltoquantico\/wp-content\/uploads\/sites\/4\/2023\/04\/0015-1200x799.jpg 1200w, https:\/\/miradasistemica.com\/saltoquantico\/wp-content\/uploads\/sites\/4\/2023\/04\/0015-1320x879.jpg 1320w\" sizes=\"(max-width: 709px) 85vw, (max-width: 909px) 67vw, (max-width: 1362px) 62vw, 840px\" \/>\t\t\t\t\t\t\t\t\t\t\t\t\t\t\t<\/div>\n\t\t\t\t<\/div>\n\t\t\t\t\t<\/div>\n\t\t<\/div>\n\t\t\t\t\t<\/div>\n\t\t<\/section>\n\t\t\t\t<\/div>\n\t\t","protected":false},"excerpt":{"rendered":"","protected":false},"author":1,"featured_media":0,"parent":0,"menu_order":0,"comment_status":"closed","ping_status":"closed","template":"","meta":{"footnotes":""},"class_list":["post-24","page","type-page","status-publish","hentry"],"aioseo_notices":[],"_links":{"self":[{"href":"https:\/\/miradasistemica.com\/saltoquantico\/wp-json\/wp\/v2\/pages\/24","targetHints":{"allow":["GET"]}}],"collection":[{"href":"https:\/\/miradasistemica.com\/saltoquantico\/wp-json\/wp\/v2\/pages"}],"about":[{"href":"https:\/\/miradasistemica.com\/saltoquantico\/wp-json\/wp\/v2\/types\/page"}],"author":[{"embeddable":true,"href":"https:\/\/miradasistemica.com\/saltoquantico\/wp-json\/wp\/v2\/users\/1"}],"replies":[{"embeddable":true,"href":"https:\/\/miradasistemica.com\/saltoquantico\/wp-json\/wp\/v2\/comments?post=24"}],"version-history":[{"count":0,"href":"https:\/\/miradasistemica.com\/saltoquantico\/wp-json\/wp\/v2\/pages\/24\/revisions"}],"wp:attachment":[{"href":"https:\/\/miradasistemica.com\/saltoquantico\/wp-json\/wp\/v2\/media?parent=24"}],"curies":[{"name":"wp","href":"https:\/\/api.w.org\/{rel}","templated":true}]}}