{"id":21,"date":"2023-04-10T12:03:47","date_gmt":"2023-04-10T12:03:47","guid":{"rendered":"https:\/\/miradasistemica.com\/saltoquantico\/?page_id=21"},"modified":"2025-02-21T16:03:59","modified_gmt":"2025-02-21T16:03:59","slug":"dormida","status":"publish","type":"page","link":"https:\/\/miradasistemica.com\/saltoquantico\/dormida\/","title":{"rendered":"Dormida"},"content":{"rendered":"\t\t<div data-elementor-type=\"wp-page\" data-elementor-id=\"21\" class=\"elementor elementor-21\" data-elementor-post-type=\"page\">\n\t\t\t\t\t\t<section class=\"elementor-section elementor-top-section elementor-element elementor-element-11d53fe elementor-section-boxed elementor-section-height-default elementor-section-height-default\" data-id=\"11d53fe\" data-element_type=\"section\" data-e-type=\"section\">\n\t\t\t\t\t\t<div class=\"elementor-container elementor-column-gap-default\">\n\t\t\t\t\t<div class=\"elementor-column elementor-col-100 elementor-top-column elementor-element elementor-element-ec9ca0d\" data-id=\"ec9ca0d\" data-element_type=\"column\" data-e-type=\"column\">\n\t\t\t<div class=\"elementor-widget-wrap elementor-element-populated\">\n\t\t\t\t\t\t<div class=\"elementor-element elementor-element-617cf9a elementor-widget elementor-widget-text-editor\" data-id=\"617cf9a\" data-element_type=\"widget\" data-e-type=\"widget\" data-widget_type=\"text-editor.default\">\n\t\t\t\t<div class=\"elementor-widget-container\">\n\t\t\t\t\t\t\t\t\t<h2>Inclui dormida: descanso reparador num espa\u00e7o acolhedor e confort\u00e1vel<\/h2>\t\t\t\t\t\t\t\t<\/div>\n\t\t\t\t<\/div>\n\t\t\t\t\t<\/div>\n\t\t<\/div>\n\t\t\t\t\t<\/div>\n\t\t<\/section>\n\t\t\t\t<section class=\"elementor-section elementor-top-section elementor-element elementor-element-d94f1b4 elementor-section-boxed elementor-section-height-default elementor-section-height-default\" data-id=\"d94f1b4\" data-element_type=\"section\" data-e-type=\"section\">\n\t\t\t\t\t\t<div class=\"elementor-container elementor-column-gap-default\">\n\t\t\t\t\t<div class=\"elementor-column elementor-col-50 elementor-top-column elementor-element elementor-element-88f2a00\" data-id=\"88f2a00\" data-element_type=\"column\" data-e-type=\"column\">\n\t\t\t<div class=\"elementor-widget-wrap elementor-element-populated\">\n\t\t\t\t\t\t<div class=\"elementor-element elementor-element-94a87b1 elementor-widget elementor-widget-image\" data-id=\"94a87b1\" data-element_type=\"widget\" data-e-type=\"widget\" data-widget_type=\"image.default\">\n\t\t\t\t<div class=\"elementor-widget-container\">\n\t\t\t\t\t\t\t\t\t\t\t\t\t\t\t<img fetchpriority=\"high\" decoding=\"async\" width=\"840\" height=\"560\" src=\"https:\/\/miradasistemica.com\/saltoquantico\/wp-content\/uploads\/sites\/4\/2025\/02\/IMG_8366.jpg\" class=\"attachment-large size-large wp-image-223\" alt=\"Retiro Conex\u00e3o e Salto Qu\u00e2ntico Dormida - Mirada Sist\u00e9mica\" srcset=\"https:\/\/miradasistemica.com\/saltoquantico\/wp-content\/uploads\/sites\/4\/2025\/02\/IMG_8366.jpg 849w, https:\/\/miradasistemica.com\/saltoquantico\/wp-content\/uploads\/sites\/4\/2025\/02\/IMG_8366-300x200.jpg 300w, https:\/\/miradasistemica.com\/saltoquantico\/wp-content\/uploads\/sites\/4\/2025\/02\/IMG_8366-768x512.jpg 768w\" sizes=\"(max-width: 709px) 85vw, (max-width: 909px) 67vw, (max-width: 1362px) 62vw, 840px\" \/>\t\t\t\t\t\t\t\t\t\t\t\t\t\t\t<\/div>\n\t\t\t\t<\/div>\n\t\t\t\t\t<\/div>\n\t\t<\/div>\n\t\t\t\t<div class=\"elementor-column elementor-col-50 elementor-top-column elementor-element elementor-element-8205b3a\" data-id=\"8205b3a\" data-element_type=\"column\" data-e-type=\"column\">\n\t\t\t<div class=\"elementor-widget-wrap elementor-element-populated\">\n\t\t\t\t\t\t<div class=\"elementor-element elementor-element-951cef6 elementor-widget elementor-widget-image\" data-id=\"951cef6\" data-element_type=\"widget\" data-e-type=\"widget\" data-widget_type=\"image.default\">\n\t\t\t\t<div class=\"elementor-widget-container\">\n\t\t\t\t\t\t\t\t\t\t\t\t\t\t\t<img decoding=\"async\" width=\"840\" height=\"560\" src=\"https:\/\/miradasistemica.com\/saltoquantico\/wp-content\/uploads\/sites\/4\/2025\/02\/IMG_8367.jpg\" class=\"attachment-large size-large wp-image-224\" alt=\"Retiro Conex\u00e3o e Salto Qu\u00e2ntico Dormida - Mirada Sist\u00e9mica\" srcset=\"https:\/\/miradasistemica.com\/saltoquantico\/wp-content\/uploads\/sites\/4\/2025\/02\/IMG_8367.jpg 849w, https:\/\/miradasistemica.com\/saltoquantico\/wp-content\/uploads\/sites\/4\/2025\/02\/IMG_8367-300x200.jpg 300w, https:\/\/miradasistemica.com\/saltoquantico\/wp-content\/uploads\/sites\/4\/2025\/02\/IMG_8367-768x512.jpg 768w\" sizes=\"(max-width: 709px) 85vw, (max-width: 909px) 67vw, (max-width: 1362px) 62vw, 840px\" \/>\t\t\t\t\t\t\t\t\t\t\t\t\t\t\t<\/div>\n\t\t\t\t<\/div>\n\t\t\t\t\t<\/div>\n\t\t<\/div>\n\t\t\t\t\t<\/div>\n\t\t<\/section>\n\t\t\t\t<section class=\"elementor-section elementor-top-section elementor-element elementor-element-bfe0a82 elementor-section-boxed elementor-section-height-default elementor-section-height-default\" data-id=\"bfe0a82\" data-element_type=\"section\" data-e-type=\"section\">\n\t\t\t\t\t\t<div class=\"elementor-container elementor-column-gap-default\">\n\t\t\t\t\t<div class=\"elementor-column elementor-col-50 elementor-top-column elementor-element elementor-element-688352f\" data-id=\"688352f\" data-element_type=\"column\" data-e-type=\"column\">\n\t\t\t<div class=\"elementor-widget-wrap elementor-element-populated\">\n\t\t\t\t\t\t<div class=\"elementor-element elementor-element-89dac51 elementor-widget elementor-widget-image\" data-id=\"89dac51\" data-element_type=\"widget\" data-e-type=\"widget\" data-widget_type=\"image.default\">\n\t\t\t\t<div class=\"elementor-widget-container\">\n\t\t\t\t\t\t\t\t\t\t\t\t\t\t\t<img decoding=\"async\" width=\"840\" height=\"840\" src=\"https:\/\/miradasistemica.com\/saltoquantico\/wp-content\/uploads\/sites\/4\/2025\/02\/IMG_8364-1024x1024.jpg\" class=\"attachment-large size-large wp-image-222\" alt=\"Retiro Conex\u00e3o e Salto Qu\u00e2ntico Dormida - Mirada Sist\u00e9mica\" srcset=\"https:\/\/miradasistemica.com\/saltoquantico\/wp-content\/uploads\/sites\/4\/2025\/02\/IMG_8364-1024x1024.jpg 1024w, https:\/\/miradasistemica.com\/saltoquantico\/wp-content\/uploads\/sites\/4\/2025\/02\/IMG_8364-300x300.jpg 300w, https:\/\/miradasistemica.com\/saltoquantico\/wp-content\/uploads\/sites\/4\/2025\/02\/IMG_8364-150x150.jpg 150w, https:\/\/miradasistemica.com\/saltoquantico\/wp-content\/uploads\/sites\/4\/2025\/02\/IMG_8364-768x768.jpg 768w, https:\/\/miradasistemica.com\/saltoquantico\/wp-content\/uploads\/sites\/4\/2025\/02\/IMG_8364-1200x1200.jpg 1200w, https:\/\/miradasistemica.com\/saltoquantico\/wp-content\/uploads\/sites\/4\/2025\/02\/IMG_8364-1320x1320.jpg 1320w, https:\/\/miradasistemica.com\/saltoquantico\/wp-content\/uploads\/sites\/4\/2025\/02\/IMG_8364.jpg 1440w\" sizes=\"(max-width: 709px) 85vw, (max-width: 909px) 67vw, (max-width: 1362px) 62vw, 840px\" \/>\t\t\t\t\t\t\t\t\t\t\t\t\t\t\t<\/div>\n\t\t\t\t<\/div>\n\t\t\t\t\t<\/div>\n\t\t<\/div>\n\t\t\t\t<div class=\"elementor-column elementor-col-50 elementor-top-column elementor-element elementor-element-c4a54b2\" data-id=\"c4a54b2\" data-element_type=\"column\" data-e-type=\"column\">\n\t\t\t<div class=\"elementor-widget-wrap elementor-element-populated\">\n\t\t\t\t\t\t<div class=\"elementor-element elementor-element-5decf07 elementor-widget elementor-widget-image\" data-id=\"5decf07\" data-element_type=\"widget\" data-e-type=\"widget\" data-widget_type=\"image.default\">\n\t\t\t\t<div class=\"elementor-widget-container\">\n\t\t\t\t\t\t\t\t\t\t\t\t\t\t\t<img loading=\"lazy\" decoding=\"async\" width=\"840\" height=\"840\" src=\"https:\/\/miradasistemica.com\/saltoquantico\/wp-content\/uploads\/sites\/4\/2025\/02\/IMG_8372-1024x1024.jpg\" class=\"attachment-large size-large wp-image-225\" alt=\"Retiro Conex\u00e3o e Salto Qu\u00e2ntico Dormida - Mirada Sist\u00e9mica\" srcset=\"https:\/\/miradasistemica.com\/saltoquantico\/wp-content\/uploads\/sites\/4\/2025\/02\/IMG_8372-1024x1024.jpg 1024w, https:\/\/miradasistemica.com\/saltoquantico\/wp-content\/uploads\/sites\/4\/2025\/02\/IMG_8372-300x300.jpg 300w, https:\/\/miradasistemica.com\/saltoquantico\/wp-content\/uploads\/sites\/4\/2025\/02\/IMG_8372-150x150.jpg 150w, https:\/\/miradasistemica.com\/saltoquantico\/wp-content\/uploads\/sites\/4\/2025\/02\/IMG_8372-768x768.jpg 768w, https:\/\/miradasistemica.com\/saltoquantico\/wp-content\/uploads\/sites\/4\/2025\/02\/IMG_8372.jpg 1080w\" sizes=\"(max-width: 709px) 85vw, (max-width: 909px) 67vw, (max-width: 1362px) 62vw, 840px\" \/>\t\t\t\t\t\t\t\t\t\t\t\t\t\t\t<\/div>\n\t\t\t\t<\/div>\n\t\t\t\t\t<\/div>\n\t\t<\/div>\n\t\t\t\t\t<\/div>\n\t\t<\/section>\n\t\t\t\t<section class=\"elementor-section elementor-top-section elementor-element elementor-element-a0d1833 elementor-section-boxed elementor-section-height-default elementor-section-height-default\" data-id=\"a0d1833\" data-element_type=\"section\" data-e-type=\"section\">\n\t\t\t\t\t\t<div class=\"elementor-container elementor-column-gap-default\">\n\t\t\t\t\t<div class=\"elementor-column elementor-col-50 elementor-top-column elementor-element elementor-element-a6608be\" data-id=\"a6608be\" data-element_type=\"column\" data-e-type=\"column\">\n\t\t\t<div class=\"elementor-widget-wrap elementor-element-populated\">\n\t\t\t\t\t\t<div class=\"elementor-element elementor-element-b5351eb elementor-widget elementor-widget-image\" data-id=\"b5351eb\" data-element_type=\"widget\" data-e-type=\"widget\" data-widget_type=\"image.default\">\n\t\t\t\t<div class=\"elementor-widget-container\">\n\t\t\t\t\t\t\t\t\t\t\t\t\t\t\t<img loading=\"lazy\" decoding=\"async\" width=\"139\" height=\"300\" src=\"https:\/\/miradasistemica.com\/saltoquantico\/wp-content\/uploads\/sites\/4\/2025\/02\/Img_8464-139x300.jpg\" class=\"attachment-medium size-medium wp-image-227\" alt=\"Retiro Conex\u00e3o e Salto Qu\u00e2ntico Dormida - Mirada Sist\u00e9mica\" srcset=\"https:\/\/miradasistemica.com\/saltoquantico\/wp-content\/uploads\/sites\/4\/2025\/02\/Img_8464-139x300.jpg 139w, https:\/\/miradasistemica.com\/saltoquantico\/wp-content\/uploads\/sites\/4\/2025\/02\/Img_8464-473x1024.jpg 473w, https:\/\/miradasistemica.com\/saltoquantico\/wp-content\/uploads\/sites\/4\/2025\/02\/Img_8464-768x1663.jpg 768w, https:\/\/miradasistemica.com\/saltoquantico\/wp-content\/uploads\/sites\/4\/2025\/02\/Img_8464-709x1536.jpg 709w, https:\/\/miradasistemica.com\/saltoquantico\/wp-content\/uploads\/sites\/4\/2025\/02\/Img_8464-946x2048.jpg 946w, https:\/\/miradasistemica.com\/saltoquantico\/wp-content\/uploads\/sites\/4\/2025\/02\/Img_8464-e1740153740801.jpg 462w\" sizes=\"(max-width: 139px) 85vw, 139px\" \/>\t\t\t\t\t\t\t\t\t\t\t\t\t\t\t<\/div>\n\t\t\t\t<\/div>\n\t\t\t\t\t<\/div>\n\t\t<\/div>\n\t\t\t\t<div class=\"elementor-column elementor-col-50 elementor-top-column elementor-element elementor-element-198d9ea\" data-id=\"198d9ea\" data-element_type=\"column\" data-e-type=\"column\">\n\t\t\t<div class=\"elementor-widget-wrap elementor-element-populated\">\n\t\t\t\t\t\t<div class=\"elementor-element elementor-element-1ad9515 elementor-widget elementor-widget-image\" data-id=\"1ad9515\" data-element_type=\"widget\" data-e-type=\"widget\" data-widget_type=\"image.default\">\n\t\t\t\t<div class=\"elementor-widget-container\">\n\t\t\t\t\t\t\t\t\t\t\t\t\t\t\t<img loading=\"lazy\" decoding=\"async\" width=\"139\" height=\"300\" src=\"https:\/\/miradasistemica.com\/saltoquantico\/wp-content\/uploads\/sites\/4\/2025\/02\/Img_8465-139x300.jpg\" class=\"attachment-medium size-medium wp-image-228\" alt=\"Retiro Conex\u00e3o e Salto Qu\u00e2ntico Dormida - Mirada Sist\u00e9mica\" srcset=\"https:\/\/miradasistemica.com\/saltoquantico\/wp-content\/uploads\/sites\/4\/2025\/02\/Img_8465-139x300.jpg 139w, https:\/\/miradasistemica.com\/saltoquantico\/wp-content\/uploads\/sites\/4\/2025\/02\/Img_8465-473x1024.jpg 473w, https:\/\/miradasistemica.com\/saltoquantico\/wp-content\/uploads\/sites\/4\/2025\/02\/Img_8465-768x1663.jpg 768w, https:\/\/miradasistemica.com\/saltoquantico\/wp-content\/uploads\/sites\/4\/2025\/02\/Img_8465-709x1536.jpg 709w, https:\/\/miradasistemica.com\/saltoquantico\/wp-content\/uploads\/sites\/4\/2025\/02\/Img_8465-946x2048.jpg 946w, https:\/\/miradasistemica.com\/saltoquantico\/wp-content\/uploads\/sites\/4\/2025\/02\/Img_8465-e1740153763856.jpg 462w\" sizes=\"(max-width: 139px) 85vw, 139px\" \/>\t\t\t\t\t\t\t\t\t\t\t\t\t\t\t<\/div>\n\t\t\t\t<\/div>\n\t\t\t\t\t<\/div>\n\t\t<\/div>\n\t\t\t\t\t<\/div>\n\t\t<\/section>\n\t\t\t\t<\/div>\n\t\t","protected":false},"excerpt":{"rendered":"<p>Inclui dormida: descanso reparador num espa\u00e7o acolhedor e confort\u00e1vel<\/p>\n","protected":false},"author":1,"featured_media":0,"parent":0,"menu_order":0,"comment_status":"closed","ping_status":"closed","template":"","meta":{"footnotes":""},"class_list":["post-21","page","type-page","status-publish","hentry"],"aioseo_notices":[],"_links":{"self":[{"href":"https:\/\/miradasistemica.com\/saltoquantico\/wp-json\/wp\/v2\/pages\/21","targetHints":{"allow":["GET"]}}],"collection":[{"href":"https:\/\/miradasistemica.com\/saltoquantico\/wp-json\/wp\/v2\/pages"}],"about":[{"href":"https:\/\/miradasistemica.com\/saltoquantico\/wp-json\/wp\/v2\/types\/page"}],"author":[{"embeddable":true,"href":"https:\/\/miradasistemica.com\/saltoquantico\/wp-json\/wp\/v2\/users\/1"}],"replies":[{"embeddable":true,"href":"https:\/\/miradasistemica.com\/saltoquantico\/wp-json\/wp\/v2\/comments?post=21"}],"version-history":[{"count":0,"href":"https:\/\/miradasistemica.com\/saltoquantico\/wp-json\/wp\/v2\/pages\/21\/revisions"}],"wp:attachment":[{"href":"https:\/\/miradasistemica.com\/saltoquantico\/wp-json\/wp\/v2\/media?parent=21"}],"curies":[{"name":"wp","href":"https:\/\/api.w.org\/{rel}","templated":true}]}}